{"id":4968,"date":"2025-06-07T16:45:28","date_gmt":"2025-06-07T14:45:28","guid":{"rendered":"https:\/\/2025.devsector.ch\/academygrainesdepaix\/faq\/"},"modified":"2026-01-16T19:03:20","modified_gmt":"2026-01-16T18:03:20","slug":"faq","status":"publish","type":"page","link":"https:\/\/2025.devsector.ch\/academygrainesdepaix\/en\/faq\/","title":{"rendered":"FAQ"},"content":{"rendered":"<div class=\"accordion\" id=\"faqs-group-block_100b897b1e6833409f54cb55c30ab865\">        <div class=\"accordion-item\">\n            <div class=\"accordion-header\" id=\"faqs-group-block_100b897b1e6833409f54cb55c30ab865-faq-0-heading\">\n                <button class=\"accordion-button collapsed\" type=\"button\" data-bs-toggle=\"collapse\" data-bs-target=\"#faqs-group-block_100b897b1e6833409f54cb55c30ab865-faq-0-collapse\" aria-expanded=\"false\" aria-controls=\"faqs-group-block_100b897b1e6833409f54cb55c30ab865-faq-0-collapse\">\n                    Qui peut acc\u00e9der \u00e0 l\u2019Acad\u00e9mie ?                <\/button>\n            <\/div>\n            <div id=\"faqs-group-block_100b897b1e6833409f54cb55c30ab865-faq-0-collapse\" class=\"accordion-collapse collapse\" aria-labelledby=\"faqs-group-block_100b897b1e6833409f54cb55c30ab865-faq-0-heading\" data-bs-parent=\"#faqs-group-block_100b897b1e6833409f54cb55c30ab865\">\n                <div class=\"accordion-body\">\n                    \n<p>L\u2019Acad\u00e9mie est ouverte \u00e0 toutes et tous. Elle propose une partie accessible librement et une section priv\u00e9e r\u00e9serv\u00e9e aux personnes ayant suivi l\u2019un de nos programmes de formation.<\/p>\n                <\/div>\n            <\/div>\n        <\/div>\n        <div class=\"accordion-item\">\n            <div class=\"accordion-header\" id=\"faqs-group-block_100b897b1e6833409f54cb55c30ab865-faq-1-heading\">\n                <button class=\"accordion-button collapsed\" type=\"button\" data-bs-toggle=\"collapse\" data-bs-target=\"#faqs-group-block_100b897b1e6833409f54cb55c30ab865-faq-1-collapse\" aria-expanded=\"false\" aria-controls=\"faqs-group-block_100b897b1e6833409f54cb55c30ab865-faq-1-collapse\">\n                    Comment obtenir un identifiant ?                <\/button>\n            <\/div>\n            <div id=\"faqs-group-block_100b897b1e6833409f54cb55c30ab865-faq-1-collapse\" class=\"accordion-collapse collapse\" aria-labelledby=\"faqs-group-block_100b897b1e6833409f54cb55c30ab865-faq-1-heading\" data-bs-parent=\"#faqs-group-block_100b897b1e6833409f54cb55c30ab865\">\n                <div class=\"accordion-body\">\n                    \n<p>Les identifiants sont fournis lors d\u2019une formation ou lors de la mise en \u0153uvre d\u2019un programme dans votre \u00e9tablissement. Si vous \u00eates concern\u00e9\u00b7e mais n\u2019avez pas re\u00e7u d\u2019acc\u00e8s, vous pouvez nous contacter.<\/p>\n                <\/div>\n            <\/div>\n        <\/div>\n        <div class=\"accordion-item\">\n            <div class=\"accordion-header\" id=\"faqs-group-block_100b897b1e6833409f54cb55c30ab865-faq-2-heading\">\n                <button class=\"accordion-button collapsed\" type=\"button\" data-bs-toggle=\"collapse\" data-bs-target=\"#faqs-group-block_100b897b1e6833409f54cb55c30ab865-faq-2-collapse\" aria-expanded=\"false\" aria-controls=\"faqs-group-block_100b897b1e6833409f54cb55c30ab865-faq-2-collapse\">\n                    Que faire si j\u2019ai perdu mon mot de passe ?                <\/button>\n            <\/div>\n            <div id=\"faqs-group-block_100b897b1e6833409f54cb55c30ab865-faq-2-collapse\" class=\"accordion-collapse collapse\" aria-labelledby=\"faqs-group-block_100b897b1e6833409f54cb55c30ab865-faq-2-heading\" data-bs-parent=\"#faqs-group-block_100b897b1e6833409f54cb55c30ab865\">\n                <div class=\"accordion-body\">\n                    \n<p>Vous pouvez simplement nous contacter pour g\u00e9n\u00e9rer un nouveau mot de passe.<\/p>\n                <\/div>\n            <\/div>\n        <\/div>\n        <div class=\"accordion-item\">\n            <div class=\"accordion-header\" id=\"faqs-group-block_100b897b1e6833409f54cb55c30ab865-faq-3-heading\">\n                <button class=\"accordion-button collapsed\" type=\"button\" data-bs-toggle=\"collapse\" data-bs-target=\"#faqs-group-block_100b897b1e6833409f54cb55c30ab865-faq-3-collapse\" aria-expanded=\"false\" aria-controls=\"faqs-group-block_100b897b1e6833409f54cb55c30ab865-faq-3-collapse\">\n                    Puis-je acc\u00e9der aux modules si je n\u2019ai pas suivi la formation ?                <\/button>\n            <\/div>\n            <div id=\"faqs-group-block_100b897b1e6833409f54cb55c30ab865-faq-3-collapse\" class=\"accordion-collapse collapse\" aria-labelledby=\"faqs-group-block_100b897b1e6833409f54cb55c30ab865-faq-3-heading\" data-bs-parent=\"#faqs-group-block_100b897b1e6833409f54cb55c30ab865\">\n                <div class=\"accordion-body\">\n                    \n<p>La partie ouverte est accessible \u00e0 tous.<br>En revanche, les modules complets et les supports p\u00e9dagogiques des programmes sont r\u00e9serv\u00e9s aux personnes form\u00e9es.<\/p>\n                <\/div>\n            <\/div>\n        <\/div>\n        <div class=\"accordion-item\">\n            <div class=\"accordion-header\" id=\"faqs-group-block_100b897b1e6833409f54cb55c30ab865-faq-4-heading\">\n                <button class=\"accordion-button collapsed\" type=\"button\" data-bs-toggle=\"collapse\" data-bs-target=\"#faqs-group-block_100b897b1e6833409f54cb55c30ab865-faq-4-collapse\" aria-expanded=\"false\" aria-controls=\"faqs-group-block_100b897b1e6833409f54cb55c30ab865-faq-4-collapse\">\n                    Les ressources sont-elles t\u00e9l\u00e9chargeables ?                <\/button>\n            <\/div>\n            <div id=\"faqs-group-block_100b897b1e6833409f54cb55c30ab865-faq-4-collapse\" class=\"accordion-collapse collapse\" aria-labelledby=\"faqs-group-block_100b897b1e6833409f54cb55c30ab865-faq-4-heading\" data-bs-parent=\"#faqs-group-block_100b897b1e6833409f54cb55c30ab865\">\n                <div class=\"accordion-body\">\n                    \n<p>Oui. Les ressources propos\u00e9es en acc\u00e8s libre et celles de la section priv\u00e9e peuvent \u00eatre t\u00e9l\u00e9charg\u00e9es, dans le respect de leur usage p\u00e9dagogique.<\/p>\n                <\/div>\n            <\/div>\n        <\/div>\n        <div class=\"accordion-item\">\n            <div class=\"accordion-header\" id=\"faqs-group-block_100b897b1e6833409f54cb55c30ab865-faq-5-heading\">\n                <button class=\"accordion-button collapsed\" type=\"button\" data-bs-toggle=\"collapse\" data-bs-target=\"#faqs-group-block_100b897b1e6833409f54cb55c30ab865-faq-5-collapse\" aria-expanded=\"false\" aria-controls=\"faqs-group-block_100b897b1e6833409f54cb55c30ab865-faq-5-collapse\">\n                    Que trouve-t-on dans la partie ouverte de l\u2019Acad\u00e9mie ?                <\/button>\n            <\/div>\n            <div id=\"faqs-group-block_100b897b1e6833409f54cb55c30ab865-faq-5-collapse\" class=\"accordion-collapse collapse\" aria-labelledby=\"faqs-group-block_100b897b1e6833409f54cb55c30ab865-faq-5-heading\" data-bs-parent=\"#faqs-group-block_100b897b1e6833409f54cb55c30ab865\">\n                <div class=\"accordion-body\">\n                    \n<p>La partie ouverte pr\u00e9sente des exemples tir\u00e9s de nos programmes&nbsp;: extraits d\u2019outils, bonnes pratiques, vid\u00e9os courtes, fiches ou recommandations. Elle permet de d\u00e9couvrir concr\u00e8tement nos approches p\u00e9dagogiques.<\/p>\n                <\/div>\n            <\/div>\n        <\/div>\n        <div class=\"accordion-item\">\n            <div class=\"accordion-header\" id=\"faqs-group-block_100b897b1e6833409f54cb55c30ab865-faq-6-heading\">\n                <button class=\"accordion-button collapsed\" type=\"button\" data-bs-toggle=\"collapse\" data-bs-target=\"#faqs-group-block_100b897b1e6833409f54cb55c30ab865-faq-6-collapse\" aria-expanded=\"false\" aria-controls=\"faqs-group-block_100b897b1e6833409f54cb55c30ab865-faq-6-collapse\">\n                    L\u2019Acad\u00e9mie va-t-elle accueillir d\u2019autres programmes ?                <\/button>\n            <\/div>\n            <div id=\"faqs-group-block_100b897b1e6833409f54cb55c30ab865-faq-6-collapse\" class=\"accordion-collapse collapse\" aria-labelledby=\"faqs-group-block_100b897b1e6833409f54cb55c30ab865-faq-6-heading\" data-bs-parent=\"#faqs-group-block_100b897b1e6833409f54cb55c30ab865\">\n                <div class=\"accordion-body\">\n                    \n<p>Oui. L\u2019Acad\u00e9mie va \u00e9voluer pour accueillir progressivement de nouvelles formations et ressources, ainsi que l\u2019ensemble des futurs modules d\u2019e-learning d\u00e9velopp\u00e9s par la Fondation.<\/p>\n                <\/div>\n            <\/div>\n        <\/div>\n<\/div>","protected":false},"excerpt":{"rendered":"","protected":false},"author":1,"featured_media":0,"parent":0,"menu_order":0,"comment_status":"closed","ping_status":"closed","template":"","meta":{"_acf_changed":false,"inline_featured_image":false,"footnotes":""},"class_list":["post-4968","page","type-page","status-publish","hentry"],"acf":[],"yoast_head":"<!-- This site is optimized with the Yoast SEO plugin v26.8 - https:\/\/yoast.com\/product\/yoast-seo-wordpress\/ -->\n<title>FAQ - Academy Fondation Graines de Paix<\/title>\n<meta name=\"robots\" content=\"noindex, follow, max-snippet:-1, max-image-preview:large, max-video-preview:-1\" \/>\n<meta property=\"og:locale\" content=\"en_US\" \/>\n<meta property=\"og:type\" content=\"article\" \/>\n<meta property=\"og:title\" content=\"FAQ - Academy Fondation Graines de Paix\" \/>\n<meta property=\"og:url\" content=\"https:\/\/2025.devsector.ch\/academygrainesdepaix\/en\/faq\/\" \/>\n<meta property=\"og:site_name\" content=\"Academy Fondation Graines de Paix\" \/>\n<meta property=\"article:modified_time\" content=\"2026-01-16T18:03:20+00:00\" \/>\n<meta name=\"twitter:card\" content=\"summary_large_image\" \/>\n<script type=\"application\/ld+json\" class=\"yoast-schema-graph\">{\"@context\":\"https:\/\/schema.org\",\"@graph\":[{\"@type\":\"WebPage\",\"@id\":\"https:\/\/2025.devsector.ch\/academygrainesdepaix\/en\/faq\/\",\"url\":\"https:\/\/2025.devsector.ch\/academygrainesdepaix\/en\/faq\/\",\"name\":\"FAQ - Academy Fondation Graines de Paix\",\"isPartOf\":{\"@id\":\"https:\/\/2025.devsector.ch\/academygrainesdepaix\/en\/#website\"},\"datePublished\":\"2025-06-07T14:45:28+00:00\",\"dateModified\":\"2026-01-16T18:03:20+00:00\",\"breadcrumb\":{\"@id\":\"https:\/\/2025.devsector.ch\/academygrainesdepaix\/en\/faq\/#breadcrumb\"},\"inLanguage\":\"en-US\",\"potentialAction\":[{\"@type\":\"ReadAction\",\"target\":[\"https:\/\/2025.devsector.ch\/academygrainesdepaix\/en\/faq\/\"]}]},{\"@type\":\"BreadcrumbList\",\"@id\":\"https:\/\/2025.devsector.ch\/academygrainesdepaix\/en\/faq\/#breadcrumb\",\"itemListElement\":[{\"@type\":\"ListItem\",\"position\":1,\"name\":\"Home\",\"item\":\"https:\/\/2025.devsector.ch\/academygrainesdepaix\/en\/\"},{\"@type\":\"ListItem\",\"position\":2,\"name\":\"FAQ\"}]},{\"@type\":\"WebSite\",\"@id\":\"https:\/\/2025.devsector.ch\/academygrainesdepaix\/en\/#website\",\"url\":\"https:\/\/2025.devsector.ch\/academygrainesdepaix\/en\/\",\"name\":\"Academy Fondation Graines de Paix\",\"description\":\"Un site utilisant WordPress\",\"potentialAction\":[{\"@type\":\"SearchAction\",\"target\":{\"@type\":\"EntryPoint\",\"urlTemplate\":\"https:\/\/2025.devsector.ch\/academygrainesdepaix\/en\/?s={search_term_string}\"},\"query-input\":{\"@type\":\"PropertyValueSpecification\",\"valueRequired\":true,\"valueName\":\"search_term_string\"}}],\"inLanguage\":\"en-US\"}]}<\/script>\n<!-- \/ Yoast SEO plugin. -->","yoast_head_json":{"title":"FAQ - Academy Fondation Graines de Paix","robots":{"index":"noindex","follow":"follow","max-snippet":"max-snippet:-1","max-image-preview":"max-image-preview:large","max-video-preview":"max-video-preview:-1"},"og_locale":"en_US","og_type":"article","og_title":"FAQ - Academy Fondation Graines de Paix","og_url":"https:\/\/2025.devsector.ch\/academygrainesdepaix\/en\/faq\/","og_site_name":"Academy Fondation Graines de Paix","article_modified_time":"2026-01-16T18:03:20+00:00","twitter_card":"summary_large_image","schema":{"@context":"https:\/\/schema.org","@graph":[{"@type":"WebPage","@id":"https:\/\/2025.devsector.ch\/academygrainesdepaix\/en\/faq\/","url":"https:\/\/2025.devsector.ch\/academygrainesdepaix\/en\/faq\/","name":"FAQ - Academy Fondation Graines de Paix","isPartOf":{"@id":"https:\/\/2025.devsector.ch\/academygrainesdepaix\/en\/#website"},"datePublished":"2025-06-07T14:45:28+00:00","dateModified":"2026-01-16T18:03:20+00:00","breadcrumb":{"@id":"https:\/\/2025.devsector.ch\/academygrainesdepaix\/en\/faq\/#breadcrumb"},"inLanguage":"en-US","potentialAction":[{"@type":"ReadAction","target":["https:\/\/2025.devsector.ch\/academygrainesdepaix\/en\/faq\/"]}]},{"@type":"BreadcrumbList","@id":"https:\/\/2025.devsector.ch\/academygrainesdepaix\/en\/faq\/#breadcrumb","itemListElement":[{"@type":"ListItem","position":1,"name":"Home","item":"https:\/\/2025.devsector.ch\/academygrainesdepaix\/en\/"},{"@type":"ListItem","position":2,"name":"FAQ"}]},{"@type":"WebSite","@id":"https:\/\/2025.devsector.ch\/academygrainesdepaix\/en\/#website","url":"https:\/\/2025.devsector.ch\/academygrainesdepaix\/en\/","name":"Academy Fondation Graines de Paix","description":"Un site utilisant WordPress","potentialAction":[{"@type":"SearchAction","target":{"@type":"EntryPoint","urlTemplate":"https:\/\/2025.devsector.ch\/academygrainesdepaix\/en\/?s={search_term_string}"},"query-input":{"@type":"PropertyValueSpecification","valueRequired":true,"valueName":"search_term_string"}}],"inLanguage":"en-US"}]}},"_links":{"self":[{"href":"https:\/\/2025.devsector.ch\/academygrainesdepaix\/en\/wp-json\/wp\/v2\/pages\/4968","targetHints":{"allow":["GET"]}}],"collection":[{"href":"https:\/\/2025.devsector.ch\/academygrainesdepaix\/en\/wp-json\/wp\/v2\/pages"}],"about":[{"href":"https:\/\/2025.devsector.ch\/academygrainesdepaix\/en\/wp-json\/wp\/v2\/types\/page"}],"author":[{"embeddable":true,"href":"https:\/\/2025.devsector.ch\/academygrainesdepaix\/en\/wp-json\/wp\/v2\/users\/1"}],"replies":[{"embeddable":true,"href":"https:\/\/2025.devsector.ch\/academygrainesdepaix\/en\/wp-json\/wp\/v2\/comments?post=4968"}],"version-history":[{"count":2,"href":"https:\/\/2025.devsector.ch\/academygrainesdepaix\/en\/wp-json\/wp\/v2\/pages\/4968\/revisions"}],"predecessor-version":[{"id":7333,"href":"https:\/\/2025.devsector.ch\/academygrainesdepaix\/en\/wp-json\/wp\/v2\/pages\/4968\/revisions\/7333"}],"wp:attachment":[{"href":"https:\/\/2025.devsector.ch\/academygrainesdepaix\/en\/wp-json\/wp\/v2\/media?parent=4968"}],"curies":[{"name":"wp","href":"https:\/\/api.w.org\/{rel}","templated":true}]}}