{"id":793,"date":"2025-06-15T14:56:49","date_gmt":"2025-06-15T12:56:49","guid":{"rendered":"https:\/\/2025.devsector.ch\/academygrainesdepaix\/boutique\/"},"modified":"2026-01-20T15:04:57","modified_gmt":"2026-01-20T14:04:57","slug":"academie","status":"publish","type":"page","link":"https:\/\/2025.devsector.ch\/academygrainesdepaix\/","title":{"rendered":"Academie Graines de Paix"},"content":{"rendered":"<div id=\"slider-block_4e31cad0b9df8843548416b6285db422\"  class=\"block-slider block-slider home-slider alignfull\">\n\n\n    <div id=\"carouselExampleCaptions-slider-block_4e31cad0b9df8843548416b6285db422\" class=\"carousel slide carousel-fade\" data-bs-ride=\"carousel\">\n      <ol class=\"carousel-indicators\" style=\"visibility: visible;\">\n           \t\t\t\t        <li data-bs-target=\"#carouselExampleCaptions-slider-block_4e31cad0b9df8843548416b6285db422\" data-bs-slide-to=\"0\" class=\"active\"><\/li>\n                  <\/ol>\n\n        <div class=\"carousel-inner\">\n                        <div class=\"carousel-item active\" style=\"min-height:\n                    66vh;\n                    background-image:url(https:\/\/2025.devsector.ch\/academygrainesdepaix\/wp-content\/uploads\/2025\/12\/academie-bandeau-unsplash-1920x1080.webp)                  \">\n                    <div class=\"carousel-caption d-none d-md-block\">\n                      <h2>L\u2019espace ressources de Graines de Paix<\/h2>\n                    <\/div>\n                <\/div><!-- .slider-item -->\n                      <\/div><!-- .carousel-inner -->\n      <a class=\"carousel-control-prev\" data-bs-target=\"#carouselExampleCaptions-slider-block_4e31cad0b9df8843548416b6285db422\" role=\"button\" data-bs-slide=\"prev\" style=\"visibility: visible;\">\n        <span class=\"carousel-control-prev-icon\" aria-hidden=\"true\"><\/span>\n        <span class=\"visually-hidden\">Previous<\/span>\n      <\/a>\n      <a class=\"carousel-control-next\" data-bs-target=\"#carouselExampleCaptions-slider-block_4e31cad0b9df8843548416b6285db422\" role=\"button\" data-bs-slide=\"next\" style=\"visibility: visible;\">\n        <span class=\"carousel-control-next-icon\" aria-hidden=\"true\"><\/span>\n        <span class=\"visually-hidden\">Next<\/span>\n      <\/a>\n  <\/div><!-- carousel -->\n\n  <\/div><!-- strat -->\n\n\n\n\n<div style=\"height:100px\" aria-hidden=\"true\" class=\"wp-block-spacer\"><\/div>\n\n\n\n<div class=\"wp-block-columns is-layout-flex wp-container-core-columns-is-layout-28f84493 wp-block-columns-is-layout-flex\">\n<div class=\"wp-block-column is-layout-flow wp-block-column-is-layout-flow\">\n<p class=\"has-global-secondary-color has-text-color has-link-color has-x-large-font-size wp-elements-f94b3de222f140ebab0c5300c484ee76\">Des ressources pour prolonger nos formations et inspirer les pratiques \u00e9ducatives<\/p>\n<\/div>\n\n\n\n<div class=\"wp-block-column is-layout-flow wp-block-column-is-layout-flow\">\n<p class=\"has-medium-font-size\">L&rsquo;Acad\u00e9mie met \u00e0 disposition des ressources p\u00e9dagogiques d\u00e9velopp\u00e9es par la Fondation pour inspirer les pratiques \u00e9ducatives et diffuser les approches exp\u00e9riment\u00e9es sur le terrain.<\/p>\n\n\n\n<p class=\"has-medium-font-size\">Elle offre \u00e9galement un acc\u00e8s r\u00e9serv\u00e9 aux enseignant\u00b7es, formateur\u00b7trices et institutions partenaires ayant suivi nos formations ou participant \u00e0 nos programmes.<\/p>\n\n\n\n<p class=\"has-medium-font-size\">Cet espace leur permet de poursuivre leur apprentissage, d\u2019approfondir les m\u00e9thodes exp\u00e9riment\u00e9es et d\u2019\u00e9changer au sein d\u2019une communaut\u00e9 \u00e9ducative engag\u00e9e pour une \u00e9ducation porteuse de paix.<\/p>\n<\/div>\n<\/div>\n\n\n\n<section class=\"wp-block-cover alignfull is-light\" style=\"min-height:50px;aspect-ratio:unset;\"><span aria-hidden=\"true\" class=\"wp-block-cover__background has-background-dim-10 has-background-dim has-background-gradient has-blue-gradient-gradient-background\"><\/span><div class=\"wp-block-cover__inner-container is-layout-constrained wp-block-cover-is-layout-constrained\">\n<div class=\"wp-block-columns is-layout-flex wp-container-core-columns-is-layout-28f84493 wp-block-columns-is-layout-flex\">\n<div class=\"wp-block-column is-layout-flow wp-block-column-is-layout-flow\">\n<h3 class=\"wp-block-heading has-global-secondary-color has-text-color has-link-color has-large-font-size wp-elements-5216a3d54926b579d6882b58740f774b\">Acc\u00e9dez<br>\u00e0 votre espace en ligne<\/h3>\n\n\n\n<p class=\"has-global-secondary-color has-text-color has-link-color has-medium-font-size wp-elements-57bfd1147a214838be0b6277e0e26260\">Choisissez votre programme!<\/p>\n<\/div>\n\n\n\n<div class=\"wp-block-column is-vertically-aligned-center is-layout-flow wp-block-column-is-layout-flow\">\n<div class=\"wp-block-buttons is-layout-flex wp-block-buttons-is-layout-flex\">\n<div class=\"wp-block-button\"><a class=\"wp-block-button__link wp-element-button\" href=\"https:\/\/2025.devsector.ch\/academygrainesdepaix\/espace-apev-transformation\/\">Programme APEV<\/a><\/div>\n<\/div>\n\n\n\n<div class=\"wp-block-buttons is-layout-flex wp-block-buttons-is-layout-flex\">\n<div class=\"wp-block-button\"><a class=\"wp-block-button__link has-text-align-left wp-element-button\" href=\"https:\/\/2025.devsector.ch\/academygrainesdepaix\/espace-bien-vivre-ensemble\/\">Programme Bien Vivre Ensemble<\/a><\/div>\n<\/div>\n<\/div>\n<\/div>\n<\/div><\/section>\n\n\n\n<section class=\"wp-block-group is-layout-constrained wp-block-group-is-layout-constrained\">\n<h3 class=\"wp-block-heading has-mediumlarge-font-size\">En libre acc\u00e8s<\/h3>\n\n\n<div id=\"custom-swiper-649d29fd\" class=\"category-swiper-block\">\n  <div class=\"swiper\">\n    <div class=\"swiper-wrapper\">\n                                  <div class=\"swiper-slide\">\n            <div class=\"cssb-card\">\n              <div class=\"cssb-media\">\n                                                      <a href=\"https:\/\/2025.devsector.ch\/academygrainesdepaix\/bve-3-tamis\/\">\n                      <img decoding=\"async\"\n                        src=\"https:\/\/2025.devsector.ch\/academygrainesdepaix\/wp-content\/uploads\/2026\/01\/les-trois-tamis.webp\"\n                        alt=\"Lettres \u00e9parpill\u00e9es sur une surface en bois, symbolisant les mots et le choix des paroles avant de les exprimer.\"\n                        loading=\"lazy\" \/>\n                    <\/a>\n                                                <\/div>\n              <div class=\"cssb-body\">\n                                  <h3 class=\"cssb-title\">\n                                          <a href=\"https:\/\/2025.devsector.ch\/academygrainesdepaix\/bve-3-tamis\/\">\n                        Les trois tamis \u00b7 Programme BVE                      <\/a>\n                                      <\/h3>\n                \n                                  <div class=\"cssb-excerpt\">\n                    <p><strong data-start=\"192\" data-end=\"269\">Cette activit\u00e9 invite les \u00e9l\u00e8ves \u00e0 r\u00e9fl\u00e9chir \u00e0 l\u2019impact de leurs paroles.<\/strong><br data-start=\"269\" data-end=\"272\" \/>\u00c0 travers la m\u00e9thode des <em data-start=\"299\" data-end=\"312\">trois tamis<\/em> (v\u00e9rit\u00e9, bont\u00e9 et utilit\u00e9), ils apprennent \u00e0 questionner ce qu\u2019ils disent, entendent ou relaient, afin de pr\u00e9venir les rumeurs, les mots blessants et le d\u00e9nigrement, et de favoriser des relations respectueuses et bienveillantes.<\/p>\n                  <\/div>\n                \n                                  <div class=\"cssb-button-wrap wp-block-button\">\n                    <a\n                      class=\"cssb-button wp-block-button__link wp-element-button\"\n                      href=\"https:\/\/2025.devsector.ch\/academygrainesdepaix\/bve-3-tamis\/\">\n                      Acc\u00e9der \u00e0 l&#039;activit\u00e9                    <\/a>\n                  <\/div>\n                \n              <\/div>\n            <\/div>\n          <\/div>\n                            <div class=\"swiper-slide\">\n            <div class=\"cssb-card\">\n              <div class=\"cssb-media\">\n                                                      <a href=\"https:\/\/2025.devsector.ch\/academygrainesdepaix\/bve-ecouter-musique-mieux-se-connaitre\/\">\n                      <img decoding=\"async\"\n                        src=\"https:\/\/2025.devsector.ch\/academygrainesdepaix\/wp-content\/uploads\/2026\/01\/bve-musique.webp\"\n                        alt=\"Clavier de piano illustrant un temps d\u2019\u00e9coute musicale et de concentration.\"\n                        loading=\"lazy\" \/>\n                    <\/a>\n                                                <\/div>\n              <div class=\"cssb-body\">\n                                  <h3 class=\"cssb-title\">\n                                          <a href=\"https:\/\/2025.devsector.ch\/academygrainesdepaix\/bve-ecouter-musique-mieux-se-connaitre\/\">\n                        \u00c9couter de la musique pour mieux se conna\u00eetre \u00b7 Programme BVE                      <\/a>\n                                      <\/h3>\n                \n                                  <div class=\"cssb-excerpt\">\n                    <p><strong>Cette activit\u00e9 propose une pause d\u2019\u00e9coute musicale pour aider les \u00e9l\u00e8ves \u00e0 se recentrer et \u00e0 mieux se conna\u00eetre.<\/strong><br data-start=\"568\" data-end=\"571\" \/>En prenant le temps d\u2019\u00e9couter et d\u2019exprimer leurs ressentis, ils d\u00e9veloppent leur attention, leur r\u00e9gulation \u00e9motionnelle et leur capacit\u00e9 \u00e0 identifier leurs \u00e9motions dans un cadre calme et s\u00e9curisant.<\/p>\n                  <\/div>\n                \n                                  <div class=\"cssb-button-wrap wp-block-button\">\n                    <a\n                      class=\"cssb-button wp-block-button__link wp-element-button\"\n                      href=\"https:\/\/2025.devsector.ch\/academygrainesdepaix\/bve-ecouter-musique-mieux-se-connaitre\/\">\n                      T\u00e9l\u00e9charger l&#039;activit\u00e9                    <\/a>\n                  <\/div>\n                \n              <\/div>\n            <\/div>\n          <\/div>\n                  <\/div>\n\n    <!-- Optional pagination, uncomment if you enable it in JS -->\n    <!-- <div class=\"swiper-pagination\"><\/div> -->\n  <\/div>\n\n  <!-- Instance-scoped controls -->\n  <div class=\"swiper-button-prev\" aria-label=\"Previous\"><\/div>\n  <div class=\"swiper-button-next\" aria-label=\"Next\"><\/div>\n<\/div>\n\n<script>\n  (function() {\n    function initSwiper() {\n      if (typeof Swiper === 'undefined') {\n        setTimeout(initSwiper, 100);\n        return;\n      }\n\n      var wrapper = document.getElementById('custom-swiper-649d29fd');\n      if (!wrapper) return;\n\n      var el = wrapper.querySelector('.swiper');\n      if (!el || el.dataset.inited) return;\n\n      var pagination = wrapper.querySelector('.swiper-pagination');\n      var nextBtn = wrapper.querySelector('.swiper-button-next');\n      var prevBtn = wrapper.querySelector('.swiper-button-prev');\n\n      el.dataset.inited = '1';\n\n      var slideCount = 2;\n\n      var options = {\n        slidesPerView: 1,\n        spaceBetween: 16,\n        loop: false,\n        watchOverflow: true,\n        allowTouchMove: slideCount > 1,\n        observer: true,\n        observeParents: true,\n        navigation: {\n          nextEl: nextBtn,\n          prevEl: prevBtn\n        },\n        breakpoints: {\n          640: {\n            slidesPerView: 2\n          },\n          1024: {\n            slidesPerView: 3\n          }\n        }\n      };\n\n      if (pagination) {\n        options.pagination = {\n          el: pagination,\n          clickable: true\n        };\n      }\n\n      var sw = new Swiper(el, options);\n\n      function toggleNav() {\n        var perView = sw.params.slidesPerView;\n        if (typeof perView === 'function') perView = perView();\n        if (typeof perView !== 'number') perView = 1;\n\n        var show = slideCount > perView;\n        if (nextBtn) nextBtn.style.display = show ? '' : 'none';\n        if (prevBtn) prevBtn.style.display = show ? '' : 'none';\n      }\n      toggleNav();\n      sw.on('resize', toggleNav);\n      sw.on('breakpoint', toggleNav);\n    }\n\n    if (document.readyState === 'loading') {\n      document.addEventListener('DOMContentLoaded', initSwiper);\n    } else {\n      initSwiper();\n    }\n\n    if (window.acf) {\n      window.acf.addAction('render_block_preview\/type=custom-swiper-slider', initSwiper);\n    }\n  })();\n<\/script><\/section>\n","protected":false},"excerpt":{"rendered":"<p>Des ressources pour prolonger nos formations et inspirer les pratiques \u00e9ducatives L&rsquo;Acad\u00e9mie met \u00e0 disposition des ressources p\u00e9dagogiques d\u00e9velopp\u00e9es par [&hellip;]<\/p>\n","protected":false},"author":1,"featured_media":0,"parent":0,"menu_order":0,"comment_status":"closed","ping_status":"closed","template":"","meta":{"_acf_changed":false,"inline_featured_image":false,"footnotes":""},"class_list":["post-793","page","type-page","status-publish","hentry"],"acf":[],"yoast_head":"<!-- This site is optimized with the Yoast SEO plugin v26.8 - https:\/\/yoast.com\/product\/yoast-seo-wordpress\/ -->\n<title>Acad\u00e9mie \u2013 Ressources p\u00e9dagogiques | Graines de Paix<\/title>\n<meta name=\"description\" content=\"Acc\u00e9dez aux ressources p\u00e9dagogiques Graines de Paix : des ressources ouvertes et contenus r\u00e9serv\u00e9s aux enseignants form\u00e9s.\" \/>\n<meta name=\"robots\" content=\"noindex, follow, max-snippet:-1, max-image-preview:large, max-video-preview:-1\" \/>\n<meta property=\"og:locale\" content=\"fr_FR\" \/>\n<meta property=\"og:type\" content=\"article\" \/>\n<meta property=\"og:title\" content=\"Acad\u00e9mie \u2013 Ressources p\u00e9dagogiques | Graines de Paix\" \/>\n<meta property=\"og:description\" content=\"Acc\u00e9dez aux ressources p\u00e9dagogiques Graines de Paix : des ressources ouvertes et contenus r\u00e9serv\u00e9s aux enseignants form\u00e9s.\" \/>\n<meta property=\"og:url\" content=\"https:\/\/2025.devsector.ch\/academygrainesdepaix\/\" \/>\n<meta property=\"og:site_name\" content=\"Academy Fondation Graines de Paix\" \/>\n<meta property=\"article:modified_time\" content=\"2026-01-20T14:04:57+00:00\" \/>\n<meta name=\"twitter:card\" content=\"summary_large_image\" \/>\n<meta name=\"twitter:label1\" content=\"Dur\u00e9e de lecture estim\u00e9e\" \/>\n\t<meta name=\"twitter:data1\" content=\"1 minute\" \/>\n<script type=\"application\/ld+json\" class=\"yoast-schema-graph\">{\"@context\":\"https:\/\/schema.org\",\"@graph\":[{\"@type\":\"WebPage\",\"@id\":\"https:\/\/2025.devsector.ch\/academygrainesdepaix\/\",\"url\":\"https:\/\/2025.devsector.ch\/academygrainesdepaix\/\",\"name\":\"Acad\u00e9mie \u2013 Ressources p\u00e9dagogiques | Graines de Paix\",\"isPartOf\":{\"@id\":\"https:\/\/2025.devsector.ch\/academygrainesdepaix\/#website\"},\"datePublished\":\"2025-06-15T12:56:49+00:00\",\"dateModified\":\"2026-01-20T14:04:57+00:00\",\"description\":\"Acc\u00e9dez aux ressources p\u00e9dagogiques Graines de Paix : des ressources ouvertes et contenus r\u00e9serv\u00e9s aux enseignants form\u00e9s.\",\"breadcrumb\":{\"@id\":\"https:\/\/2025.devsector.ch\/academygrainesdepaix\/#breadcrumb\"},\"inLanguage\":\"fr-FR\",\"potentialAction\":[{\"@type\":\"ReadAction\",\"target\":[\"https:\/\/2025.devsector.ch\/academygrainesdepaix\/\"]}]},{\"@type\":\"BreadcrumbList\",\"@id\":\"https:\/\/2025.devsector.ch\/academygrainesdepaix\/#breadcrumb\",\"itemListElement\":[{\"@type\":\"ListItem\",\"position\":1,\"name\":\"Home\",\"item\":\"https:\/\/2025.devsector.ch\/academygrainesdepaix\/\"},{\"@type\":\"ListItem\",\"position\":2,\"name\":\"Academie Graines de Paix\"}]},{\"@type\":\"WebSite\",\"@id\":\"https:\/\/2025.devsector.ch\/academygrainesdepaix\/#website\",\"url\":\"https:\/\/2025.devsector.ch\/academygrainesdepaix\/\",\"name\":\"Academy Fondation Graines de Paix\",\"description\":\"Un site utilisant WordPress\",\"potentialAction\":[{\"@type\":\"SearchAction\",\"target\":{\"@type\":\"EntryPoint\",\"urlTemplate\":\"https:\/\/2025.devsector.ch\/academygrainesdepaix\/?s={search_term_string}\"},\"query-input\":{\"@type\":\"PropertyValueSpecification\",\"valueRequired\":true,\"valueName\":\"search_term_string\"}}],\"inLanguage\":\"fr-FR\"}]}<\/script>\n<!-- \/ Yoast SEO plugin. -->","yoast_head_json":{"title":"Acad\u00e9mie \u2013 Ressources p\u00e9dagogiques | Graines de Paix","description":"Acc\u00e9dez aux ressources p\u00e9dagogiques Graines de Paix : des ressources ouvertes et contenus r\u00e9serv\u00e9s aux enseignants form\u00e9s.","robots":{"index":"noindex","follow":"follow","max-snippet":"max-snippet:-1","max-image-preview":"max-image-preview:large","max-video-preview":"max-video-preview:-1"},"og_locale":"fr_FR","og_type":"article","og_title":"Acad\u00e9mie \u2013 Ressources p\u00e9dagogiques | Graines de Paix","og_description":"Acc\u00e9dez aux ressources p\u00e9dagogiques Graines de Paix : des ressources ouvertes et contenus r\u00e9serv\u00e9s aux enseignants form\u00e9s.","og_url":"https:\/\/2025.devsector.ch\/academygrainesdepaix\/","og_site_name":"Academy Fondation Graines de Paix","article_modified_time":"2026-01-20T14:04:57+00:00","twitter_card":"summary_large_image","twitter_misc":{"Dur\u00e9e de lecture estim\u00e9e":"1 minute"},"schema":{"@context":"https:\/\/schema.org","@graph":[{"@type":"WebPage","@id":"https:\/\/2025.devsector.ch\/academygrainesdepaix\/","url":"https:\/\/2025.devsector.ch\/academygrainesdepaix\/","name":"Acad\u00e9mie \u2013 Ressources p\u00e9dagogiques | Graines de Paix","isPartOf":{"@id":"https:\/\/2025.devsector.ch\/academygrainesdepaix\/#website"},"datePublished":"2025-06-15T12:56:49+00:00","dateModified":"2026-01-20T14:04:57+00:00","description":"Acc\u00e9dez aux ressources p\u00e9dagogiques Graines de Paix : des ressources ouvertes et contenus r\u00e9serv\u00e9s aux enseignants form\u00e9s.","breadcrumb":{"@id":"https:\/\/2025.devsector.ch\/academygrainesdepaix\/#breadcrumb"},"inLanguage":"fr-FR","potentialAction":[{"@type":"ReadAction","target":["https:\/\/2025.devsector.ch\/academygrainesdepaix\/"]}]},{"@type":"BreadcrumbList","@id":"https:\/\/2025.devsector.ch\/academygrainesdepaix\/#breadcrumb","itemListElement":[{"@type":"ListItem","position":1,"name":"Home","item":"https:\/\/2025.devsector.ch\/academygrainesdepaix\/"},{"@type":"ListItem","position":2,"name":"Academie Graines de Paix"}]},{"@type":"WebSite","@id":"https:\/\/2025.devsector.ch\/academygrainesdepaix\/#website","url":"https:\/\/2025.devsector.ch\/academygrainesdepaix\/","name":"Academy Fondation Graines de Paix","description":"Un site utilisant WordPress","potentialAction":[{"@type":"SearchAction","target":{"@type":"EntryPoint","urlTemplate":"https:\/\/2025.devsector.ch\/academygrainesdepaix\/?s={search_term_string}"},"query-input":{"@type":"PropertyValueSpecification","valueRequired":true,"valueName":"search_term_string"}}],"inLanguage":"fr-FR"}]}},"_links":{"self":[{"href":"https:\/\/2025.devsector.ch\/academygrainesdepaix\/wp-json\/wp\/v2\/pages\/793","targetHints":{"allow":["GET"]}}],"collection":[{"href":"https:\/\/2025.devsector.ch\/academygrainesdepaix\/wp-json\/wp\/v2\/pages"}],"about":[{"href":"https:\/\/2025.devsector.ch\/academygrainesdepaix\/wp-json\/wp\/v2\/types\/page"}],"author":[{"embeddable":true,"href":"https:\/\/2025.devsector.ch\/academygrainesdepaix\/wp-json\/wp\/v2\/users\/1"}],"replies":[{"embeddable":true,"href":"https:\/\/2025.devsector.ch\/academygrainesdepaix\/wp-json\/wp\/v2\/comments?post=793"}],"version-history":[{"count":47,"href":"https:\/\/2025.devsector.ch\/academygrainesdepaix\/wp-json\/wp\/v2\/pages\/793\/revisions"}],"predecessor-version":[{"id":7355,"href":"https:\/\/2025.devsector.ch\/academygrainesdepaix\/wp-json\/wp\/v2\/pages\/793\/revisions\/7355"}],"wp:attachment":[{"href":"https:\/\/2025.devsector.ch\/academygrainesdepaix\/wp-json\/wp\/v2\/media?parent=793"}],"curies":[{"name":"wp","href":"https:\/\/api.w.org\/{rel}","templated":true}]}}